{"id":2780,"date":"2025-04-07T17:39:17","date_gmt":"2025-04-07T15:39:17","guid":{"rendered":"https:\/\/radziejewska.pl\/?page_id=2780"},"modified":"2025-04-07T18:03:32","modified_gmt":"2025-04-07T16:03:32","slug":"kontakt-duplicate-61","status":"publish","type":"page","link":"https:\/\/radziejewska.pl\/?page_id=2780","title":{"rendered":"Modelowanie po\u015bladk\u00f3w kwasem polimlekowym"},"content":{"rendered":"\t\t<div data-elementor-type=\"wp-post\" data-elementor-id=\"2780\" class=\"elementor elementor-2780\" data-elementor-post-type=\"page\">\n\t\t\t\t<div class=\"elementor-element elementor-element-ee34e16 e-flex e-con-boxed e-con e-parent\" data-id=\"ee34e16\" data-element_type=\"container\" data-core-v316-plus=\"true\">\n\t\t\t\t\t<div class=\"e-con-inner\">\n\t\t\t\t<div class=\"elementor-element elementor-element-ed8f990 elementor-widget elementor-widget-spacer\" data-id=\"ed8f990\" data-element_type=\"widget\" data-widget_type=\"spacer.default\">\n\t\t\t\t<div class=\"elementor-widget-container\">\n\t\t\t<style>\/*! elementor - v3.20.0 - 26-03-2024 *\/\n.elementor-column .elementor-spacer-inner{height:var(--spacer-size)}.e-con{--container-widget-width:100%}.e-con-inner>.elementor-widget-spacer,.e-con>.elementor-widget-spacer{width:var(--container-widget-width,var(--spacer-size));--align-self:var(--container-widget-align-self,initial);--flex-shrink:0}.e-con-inner>.elementor-widget-spacer>.elementor-widget-container,.e-con>.elementor-widget-spacer>.elementor-widget-container{height:100%;width:100%}.e-con-inner>.elementor-widget-spacer>.elementor-widget-container>.elementor-spacer,.e-con>.elementor-widget-spacer>.elementor-widget-container>.elementor-spacer{height:100%}.e-con-inner>.elementor-widget-spacer>.elementor-widget-container>.elementor-spacer>.elementor-spacer-inner,.e-con>.elementor-widget-spacer>.elementor-widget-container>.elementor-spacer>.elementor-spacer-inner{height:var(--container-widget-height,var(--spacer-size))}.e-con-inner>.elementor-widget-spacer.elementor-widget-empty,.e-con>.elementor-widget-spacer.elementor-widget-empty{position:relative;min-height:22px;min-width:22px}.e-con-inner>.elementor-widget-spacer.elementor-widget-empty .elementor-widget-empty-icon,.e-con>.elementor-widget-spacer.elementor-widget-empty .elementor-widget-empty-icon{position:absolute;top:0;bottom:0;left:0;right:0;margin:auto;padding:0;width:22px;height:22px}<\/style>\t\t<div class=\"elementor-spacer\">\n\t\t\t<div class=\"elementor-spacer-inner\"><\/div>\n\t\t<\/div>\n\t\t\t\t<\/div>\n\t\t\t\t<\/div>\n\t\t\t\t\t<\/div>\n\t\t\t\t<\/div>\n\t\t<div class=\"elementor-element elementor-element-b944ef4 e-flex e-con-boxed e-con e-parent\" data-id=\"b944ef4\" data-element_type=\"container\" data-core-v316-plus=\"true\">\n\t\t\t\t\t<div class=\"e-con-inner\">\n\t\t\t\t<div class=\"elementor-element elementor-element-75600c9 elementor--h-position-center elementor--v-position-middle elementor-arrows-position-inside elementor-pagination-position-inside elementor-widget elementor-widget-slides\" data-id=\"75600c9\" data-element_type=\"widget\" data-settings=\"{&quot;navigation&quot;:&quot;both&quot;,&quot;autoplay&quot;:&quot;yes&quot;,&quot;pause_on_hover&quot;:&quot;yes&quot;,&quot;pause_on_interaction&quot;:&quot;yes&quot;,&quot;autoplay_speed&quot;:5000,&quot;infinite&quot;:&quot;yes&quot;,&quot;transition&quot;:&quot;slide&quot;,&quot;transition_speed&quot;:500}\" data-widget_type=\"slides.default\">\n\t\t\t\t<div class=\"elementor-widget-container\">\n\t\t\t<style>\/*! elementor-pro - v3.20.0 - 20-03-2024 *\/\n.elementor-slides .swiper-slide-bg{background-size:cover;background-position:50%;background-repeat:no-repeat;min-width:100%;min-height:100%}.elementor-slides .swiper-slide-inner{background-repeat:no-repeat;background-position:50%;position:absolute;top:0;left:0;bottom:0;right:0;padding:50px;margin:auto}.elementor-slides .swiper-slide-inner,.elementor-slides .swiper-slide-inner:hover{color:#fff;display:flex}.elementor-slides .swiper-slide-inner .elementor-background-overlay{position:absolute;z-index:0;top:0;bottom:0;left:0;right:0}.elementor-slides .swiper-slide-inner .elementor-slide-content{position:relative;z-index:1;width:100%}.elementor-slides .swiper-slide-inner .elementor-slide-heading{font-size:35px;font-weight:700;line-height:1}.elementor-slides .swiper-slide-inner .elementor-slide-description{font-size:17px;line-height:1.4}.elementor-slides .swiper-slide-inner .elementor-slide-description:not(:last-child),.elementor-slides .swiper-slide-inner .elementor-slide-heading:not(:last-child){margin-bottom:30px}.elementor-slides .swiper-slide-inner .elementor-slide-button{border:2px solid #fff;color:#fff;background:transparent;display:inline-block}.elementor-slides .swiper-slide-inner .elementor-slide-button,.elementor-slides .swiper-slide-inner .elementor-slide-button:hover{background:transparent;color:inherit;text-decoration:none}.elementor--v-position-top .swiper-slide-inner{align-items:flex-start}.elementor--v-position-bottom .swiper-slide-inner{align-items:flex-end}.elementor--v-position-middle .swiper-slide-inner{align-items:center}.elementor--h-position-left .swiper-slide-inner{justify-content:flex-start}.elementor--h-position-right .swiper-slide-inner{justify-content:flex-end}.elementor--h-position-center .swiper-slide-inner{justify-content:center}body.rtl .elementor-widget-slides .elementor-swiper-button-next{left:10px;right:auto}body.rtl .elementor-widget-slides .elementor-swiper-button-prev{right:10px;left:auto}.elementor-slides-wrapper div:not(.swiper-slide)>.swiper-slide-inner{display:none}@media (max-width:767px){.elementor-slides .swiper-slide-inner{padding:30px}.elementor-slides .swiper-slide-inner .elementor-slide-heading{font-size:23px;line-height:1;margin-bottom:15px}.elementor-slides .swiper-slide-inner .elementor-slide-description{font-size:13px;line-height:1.4;margin-bottom:15px}}<\/style>\t\t<div class=\"elementor-swiper\">\n\t\t\t<div class=\"elementor-slides-wrapper elementor-main-swiper swiper\" dir=\"ltr\" data-animation=\"fadeInUp\">\n\t\t\t\t<div class=\"swiper-wrapper elementor-slides\">\n\t\t\t\t\t\t\t\t\t\t<div class=\"elementor-repeater-item-4071753 swiper-slide\"><div class=\"swiper-slide-bg\" role=\"img\"><\/div><div class=\"swiper-slide-inner\" ><div class=\"swiper-slide-contents\"><div class=\"elementor-slide-heading\">Modelowanie po\u015bladk\u00f3w kwasem polimlekowym \u200b<\/div><\/div><\/div><\/div>\t\t\t\t<\/div>\n\t\t\t\t\t\t\t<\/div>\n\t\t<\/div>\n\t\t\t\t<\/div>\n\t\t\t\t<\/div>\n\t\t\t\t\t<\/div>\n\t\t\t\t<\/div>\n\t\t<div class=\"elementor-element elementor-element-c277497 e-flex e-con-boxed e-con e-parent\" data-id=\"c277497\" data-element_type=\"container\" data-core-v316-plus=\"true\">\n\t\t\t\t\t<div class=\"e-con-inner\">\n\t\t\t\t<div class=\"elementor-element elementor-element-260fdae elementor-widget elementor-widget-spacer\" data-id=\"260fdae\" data-element_type=\"widget\" data-widget_type=\"spacer.default\">\n\t\t\t\t<div class=\"elementor-widget-container\">\n\t\t\t\t\t<div class=\"elementor-spacer\">\n\t\t\t<div class=\"elementor-spacer-inner\"><\/div>\n\t\t<\/div>\n\t\t\t\t<\/div>\n\t\t\t\t<\/div>\n\t\t\t\t\t<\/div>\n\t\t\t\t<\/div>\n\t\t<div class=\"elementor-element elementor-element-71f55c5 e-flex e-con-boxed e-con e-parent\" data-id=\"71f55c5\" data-element_type=\"container\" data-core-v316-plus=\"true\">\n\t\t\t\t\t<div class=\"e-con-inner\">\n\t\t\t\t<div class=\"elementor-element elementor-element-f7d0c85 elementor-widget elementor-widget-heading\" data-id=\"f7d0c85\" data-element_type=\"widget\" data-widget_type=\"heading.default\">\n\t\t\t\t<div class=\"elementor-widget-container\">\n\t\t\t<style>\/*! elementor - v3.20.0 - 26-03-2024 *\/\n.elementor-heading-title{padding:0;margin:0;line-height:1}.elementor-widget-heading .elementor-heading-title[class*=elementor-size-]>a{color:inherit;font-size:inherit;line-height:inherit}.elementor-widget-heading .elementor-heading-title.elementor-size-small{font-size:15px}.elementor-widget-heading .elementor-heading-title.elementor-size-medium{font-size:19px}.elementor-widget-heading .elementor-heading-title.elementor-size-large{font-size:29px}.elementor-widget-heading .elementor-heading-title.elementor-size-xl{font-size:39px}.elementor-widget-heading .elementor-heading-title.elementor-size-xxl{font-size:59px}<\/style><h2 class=\"elementor-heading-title elementor-size-default\">Powi\u0119kszanie po\u015bladk\u00f3w kwasem polimlekowym \u2013 naturalne modelowanie w Saska Clinic Warszawa\n<\/h2>\t\t<\/div>\n\t\t\t\t<\/div>\n\t\t\t\t<div class=\"elementor-element elementor-element-ae1aed0 elementor-widget elementor-widget-text-editor\" data-id=\"ae1aed0\" data-element_type=\"widget\" data-widget_type=\"text-editor.default\">\n\t\t\t\t<div class=\"elementor-widget-container\">\n\t\t\t<style>\/*! elementor - v3.20.0 - 26-03-2024 *\/\n.elementor-widget-text-editor.elementor-drop-cap-view-stacked .elementor-drop-cap{background-color:#69727d;color:#fff}.elementor-widget-text-editor.elementor-drop-cap-view-framed .elementor-drop-cap{color:#69727d;border:3px solid;background-color:transparent}.elementor-widget-text-editor:not(.elementor-drop-cap-view-default) .elementor-drop-cap{margin-top:8px}.elementor-widget-text-editor:not(.elementor-drop-cap-view-default) .elementor-drop-cap-letter{width:1em;height:1em}.elementor-widget-text-editor .elementor-drop-cap{float:left;text-align:center;line-height:1;font-size:50px}.elementor-widget-text-editor .elementor-drop-cap-letter{display:inline-block}<\/style>\t\t\t\t<p>\u00a0<\/p><p>Marzysz o pe\u0142niejszych, j\u0119drnych i uniesionych po\u015bladkach bez u\u017cycia skalpela? Saska Clinic w Warszawie oferuje nowoczesny i bezpieczny zabieg modelowania po\u015bladk\u00f3w przy u\u017cyciu kwasu polimlekowego \u2013 idealne rozwi\u0105zanie dla os\u00f3b, kt\u00f3re chc\u0105 uzyska\u0107 naturalny efekt bez operacji plastycznej.<\/p><p><b>Co to jest kwas polimlekowy?<\/b><\/p><p>Kwas polimlekowy to innowacyjna substancja wykorzystywana w medycynie estetycznej, kt\u00f3ra stymuluje naturaln\u0105 produkcj\u0119 kolagenu. Dzi\u0119ki temu sk\u00f3ra staje si\u0119 j\u0119drniejsza, a po\u015bladki zyskuj\u0105 obj\u0119to\u015b\u0107 w spos\u00f3b stopniowy i bardzo naturalny. Efekt? M\u0142odszy, bardziej wymodelowany wygl\u0105d bez sztucznego efektu.<\/p><p><b>Jak wygl\u0105da zabieg powi\u0119kszania po\u015bladk\u00f3w w Saska Clinic?<\/b><\/p><p>Zabieg odbywa si\u0119 w znieczuleniu miejscowym i trwa oko\u0142o 60 minut. Preparat z kwasem polimlekowym jest podawany w wybrane miejsca po\u015bladk\u00f3w za pomoc\u0105 cienkich igie\u0142 lub kaniuli. Ca\u0142a procedura jest ma\u0142oinwazyjna i nie wymaga hospitalizacji \u2013 wi\u0119kszo\u015b\u0107 pacjentek wraca do codziennych zaj\u0119\u0107 jeszcze tego samego dnia.<\/p><p><b>Ile zabieg\u00f3w trzeba wykona\u0107?<\/b><\/p><p>Dla uzyskania optymalnych i d\u0142ugotrwa\u0142ych efekt\u00f3w zaleca si\u0119 seri\u0119\u00a02 do 3 zabieg\u00f3w w odst\u0119pach co 6\u20138 tygodni. Liczba sesji jest ustalana indywidualnie podczas konsultacji z lekarzem, w zale\u017cno\u015bci od oczekiwa\u0144 pacjenta i wyj\u015bciowej kondycji sk\u00f3ry.<\/p><p><b>Jakie s\u0105 efekty?<\/b><\/p><ul><li>uniesienie i poprawa kszta\u0142tu po\u015bladk\u00f3w<\/li><li>zwi\u0119kszenie obj\u0119to\u015bci w spos\u00f3b naturalny<\/li><li>wyg\u0142adzenie i uj\u0119drnienie sk\u00f3ry<\/li><li>efekty utrzymuj\u0105ce si\u0119 od\u00a012 do nawet 24 miesi\u0119cy<\/li><\/ul><p>Pierwsze rezultaty widoczne s\u0105 po kilku tygodniach, natomiast pe\u0142ny efekt pojawia si\u0119 zazwyczaj po 6\u20138 tygodniach od ostatniego zabiegu.<\/p>\t\t\t\t\t\t<\/div>\n\t\t\t\t<\/div>\n\t\t\t\t\t<\/div>\n\t\t\t\t<\/div>\n\t\t<div class=\"elementor-element elementor-element-68cfbe7 e-flex e-con-boxed e-con e-parent\" data-id=\"68cfbe7\" data-element_type=\"container\" data-core-v316-plus=\"true\">\n\t\t\t\t\t<div class=\"e-con-inner\">\n\t\t\t\t<div class=\"elementor-element elementor-element-e5059fd elementor-widget elementor-widget-spacer\" data-id=\"e5059fd\" data-element_type=\"widget\" data-widget_type=\"spacer.default\">\n\t\t\t\t<div class=\"elementor-widget-container\">\n\t\t\t\t\t<div class=\"elementor-spacer\">\n\t\t\t<div class=\"elementor-spacer-inner\"><\/div>\n\t\t<\/div>\n\t\t\t\t<\/div>\n\t\t\t\t<\/div>\n\t\t\t\t<div class=\"elementor-element elementor-element-cb08ba7 elementor-widget elementor-widget-text-editor\" data-id=\"cb08ba7\" data-element_type=\"widget\" data-widget_type=\"text-editor.default\">\n\t\t\t\t<div class=\"elementor-widget-container\">\n\t\t\t\t\t\t\t<p>Nie zwlekaj \u2013 je\u015bli chcesz poprawi\u0107 wygl\u0105d po\u015bladk\u00f3w i zadba\u0107 o swoj\u0105 sylwetk\u0119 w naturalny spos\u00f3b, zapraszamy do Saska Clinic. Zadzwo\u0144 lub skorzystaj z formularza online, aby um\u00f3wi\u0107 si\u0119 na\u00a0indywidualn\u0105 konsultacj\u0119 z lekarzem medycyny estetycznej.<\/p>\t\t\t\t\t\t<\/div>\n\t\t\t\t<\/div>\n\t\t\t\t\t<\/div>\n\t\t\t\t<\/div>\n\t\t\t\t<\/div>\n\t\t","protected":false},"excerpt":{"rendered":"<p>Modelowanie po\u015bladk\u00f3w kwasem polimlekowym \u200b Powi\u0119kszanie po\u015bladk\u00f3w kwasem polimlekowym \u2013 naturalne modelowanie w Saska Clinic Warszawa \u00a0 Marzysz o pe\u0142niejszych, j\u0119drnych i uniesionych po\u015bladkach bez u\u017cycia skalpela? Saska Clinic w Warszawie oferuje nowoczesny i bezpieczny zabieg modelowania po\u015bladk\u00f3w przy u\u017cyciu kwasu polimlekowego \u2013 idealne rozwi\u0105zanie dla os\u00f3b, kt\u00f3re chc\u0105 uzyska\u0107 naturalny efekt bez operacji plastycznej. [&hellip;]<\/p>\n","protected":false},"author":1,"featured_media":2044,"parent":0,"menu_order":0,"comment_status":"closed","ping_status":"closed","template":"elementor_header_footer","meta":{"_monsterinsights_skip_tracking":false,"_monsterinsights_sitenote_active":false,"_monsterinsights_sitenote_note":"","_monsterinsights_sitenote_category":0,"footnotes":""},"class_list":["post-2780","page","type-page","status-publish","has-post-thumbnail","hentry"],"yoast_head":"<!-- This site is optimized with the Yoast SEO plugin v22.3 - https:\/\/yoast.com\/wordpress\/plugins\/seo\/ -->\n<title>Modelowanie po\u015bladk\u00f3w kwasem polimlekowym - Radziejewska.pl<\/title>\n<meta name=\"description\" content=\"Saska Clinic Dr Radziejewska to nowoczesna plac\u00f3wka medyczna - klinika medycyny estetycznej i flebologii. Zapraszamy do kontaktu.\" \/>\n<meta name=\"robots\" content=\"index, follow, max-snippet:-1, max-image-preview:large, max-video-preview:-1\" \/>\n<link rel=\"canonical\" href=\"https:\/\/radziejewska.pl\/?page_id=2780\" \/>\n<meta property=\"og:locale\" content=\"pl_PL\" \/>\n<meta property=\"og:type\" content=\"article\" \/>\n<meta property=\"og:title\" content=\"Modelowanie po\u015bladk\u00f3w kwasem polimlekowym - Radziejewska.pl\" \/>\n<meta property=\"og:description\" content=\"Saska Clinic Dr Radziejewska to nowoczesna plac\u00f3wka medyczna - klinika medycyny estetycznej i flebologii. Zapraszamy do kontaktu.\" \/>\n<meta property=\"og:url\" content=\"https:\/\/radziejewska.pl\/?page_id=2780\" \/>\n<meta property=\"og:site_name\" content=\"Radziejewska.pl\" \/>\n<meta property=\"article:modified_time\" content=\"2025-04-07T16:03:32+00:00\" \/>\n<meta property=\"og:image\" content=\"https:\/\/radziejewska.pl\/wp-content\/uploads\/2024\/10\/Tytul.png\" \/>\n\t<meta property=\"og:image:width\" content=\"1080\" \/>\n\t<meta property=\"og:image:height\" content=\"1080\" \/>\n\t<meta property=\"og:image:type\" content=\"image\/png\" \/>\n<meta name=\"twitter:card\" content=\"summary_large_image\" \/>\n<meta name=\"twitter:label1\" content=\"Szacowany czas czytania\" \/>\n\t<meta name=\"twitter:data1\" content=\"2 minuty\" \/>\n<script type=\"application\/ld+json\" class=\"yoast-schema-graph\">{\"@context\":\"https:\/\/schema.org\",\"@graph\":[{\"@type\":\"WebPage\",\"@id\":\"https:\/\/radziejewska.pl\/?page_id=2780\",\"url\":\"https:\/\/radziejewska.pl\/?page_id=2780\",\"name\":\"Modelowanie po\u015bladk\u00f3w kwasem polimlekowym - Radziejewska.pl\",\"isPartOf\":{\"@id\":\"https:\/\/radziejewska.pl\/#website\"},\"primaryImageOfPage\":{\"@id\":\"https:\/\/radziejewska.pl\/?page_id=2780#primaryimage\"},\"image\":{\"@id\":\"https:\/\/radziejewska.pl\/?page_id=2780#primaryimage\"},\"thumbnailUrl\":\"https:\/\/radziejewska.pl\/wp-content\/uploads\/2024\/10\/Tytul.png\",\"datePublished\":\"2025-04-07T15:39:17+00:00\",\"dateModified\":\"2025-04-07T16:03:32+00:00\",\"description\":\"Saska Clinic Dr Radziejewska to nowoczesna plac\u00f3wka medyczna - klinika medycyny estetycznej i flebologii. Zapraszamy do kontaktu.\",\"breadcrumb\":{\"@id\":\"https:\/\/radziejewska.pl\/?page_id=2780#breadcrumb\"},\"inLanguage\":\"pl-PL\",\"potentialAction\":[{\"@type\":\"ReadAction\",\"target\":[\"https:\/\/radziejewska.pl\/?page_id=2780\"]}]},{\"@type\":\"ImageObject\",\"inLanguage\":\"pl-PL\",\"@id\":\"https:\/\/radziejewska.pl\/?page_id=2780#primaryimage\",\"url\":\"https:\/\/radziejewska.pl\/wp-content\/uploads\/2024\/10\/Tytul.png\",\"contentUrl\":\"https:\/\/radziejewska.pl\/wp-content\/uploads\/2024\/10\/Tytul.png\",\"width\":1080,\"height\":1080},{\"@type\":\"BreadcrumbList\",\"@id\":\"https:\/\/radziejewska.pl\/?page_id=2780#breadcrumb\",\"itemListElement\":[{\"@type\":\"ListItem\",\"position\":1,\"name\":\"Home\",\"item\":\"https:\/\/radziejewska.pl\/?e-landing-page=strona-glowna-2\"},{\"@type\":\"ListItem\",\"position\":2,\"name\":\"Modelowanie po\u015bladk\u00f3w kwasem polimlekowym\"}]},{\"@type\":\"WebSite\",\"@id\":\"https:\/\/radziejewska.pl\/#website\",\"url\":\"https:\/\/radziejewska.pl\/\",\"name\":\"Radziejewska.pl\",\"description\":\"\",\"publisher\":{\"@id\":\"https:\/\/radziejewska.pl\/#organization\"},\"potentialAction\":[{\"@type\":\"SearchAction\",\"target\":{\"@type\":\"EntryPoint\",\"urlTemplate\":\"https:\/\/radziejewska.pl\/?s={search_term_string}\"},\"query-input\":\"required name=search_term_string\"}],\"inLanguage\":\"pl-PL\"},{\"@type\":\"Organization\",\"@id\":\"https:\/\/radziejewska.pl\/#organization\",\"name\":\"Radziejewska.pl\",\"url\":\"https:\/\/radziejewska.pl\/\",\"logo\":{\"@type\":\"ImageObject\",\"inLanguage\":\"pl-PL\",\"@id\":\"https:\/\/radziejewska.pl\/#\/schema\/logo\/image\/\",\"url\":\"https:\/\/radziejewska.pl\/wp-content\/uploads\/2024\/03\/saska-clinic.png\",\"contentUrl\":\"https:\/\/radziejewska.pl\/wp-content\/uploads\/2024\/03\/saska-clinic.png\",\"width\":4098,\"height\":1085,\"caption\":\"Radziejewska.pl\"},\"image\":{\"@id\":\"https:\/\/radziejewska.pl\/#\/schema\/logo\/image\/\"}}]}<\/script>\n<!-- \/ Yoast SEO plugin. -->","yoast_head_json":{"title":"Modelowanie po\u015bladk\u00f3w kwasem polimlekowym - Radziejewska.pl","description":"Saska Clinic Dr Radziejewska to nowoczesna plac\u00f3wka medyczna - klinika medycyny estetycznej i flebologii. Zapraszamy do kontaktu.","robots":{"index":"index","follow":"follow","max-snippet":"max-snippet:-1","max-image-preview":"max-image-preview:large","max-video-preview":"max-video-preview:-1"},"canonical":"https:\/\/radziejewska.pl\/?page_id=2780","og_locale":"pl_PL","og_type":"article","og_title":"Modelowanie po\u015bladk\u00f3w kwasem polimlekowym - Radziejewska.pl","og_description":"Saska Clinic Dr Radziejewska to nowoczesna plac\u00f3wka medyczna - klinika medycyny estetycznej i flebologii. Zapraszamy do kontaktu.","og_url":"https:\/\/radziejewska.pl\/?page_id=2780","og_site_name":"Radziejewska.pl","article_modified_time":"2025-04-07T16:03:32+00:00","og_image":[{"width":1080,"height":1080,"url":"https:\/\/radziejewska.pl\/wp-content\/uploads\/2024\/10\/Tytul.png","type":"image\/png"}],"twitter_card":"summary_large_image","twitter_misc":{"Szacowany czas czytania":"2 minuty"},"schema":{"@context":"https:\/\/schema.org","@graph":[{"@type":"WebPage","@id":"https:\/\/radziejewska.pl\/?page_id=2780","url":"https:\/\/radziejewska.pl\/?page_id=2780","name":"Modelowanie po\u015bladk\u00f3w kwasem polimlekowym - Radziejewska.pl","isPartOf":{"@id":"https:\/\/radziejewska.pl\/#website"},"primaryImageOfPage":{"@id":"https:\/\/radziejewska.pl\/?page_id=2780#primaryimage"},"image":{"@id":"https:\/\/radziejewska.pl\/?page_id=2780#primaryimage"},"thumbnailUrl":"https:\/\/radziejewska.pl\/wp-content\/uploads\/2024\/10\/Tytul.png","datePublished":"2025-04-07T15:39:17+00:00","dateModified":"2025-04-07T16:03:32+00:00","description":"Saska Clinic Dr Radziejewska to nowoczesna plac\u00f3wka medyczna - klinika medycyny estetycznej i flebologii. Zapraszamy do kontaktu.","breadcrumb":{"@id":"https:\/\/radziejewska.pl\/?page_id=2780#breadcrumb"},"inLanguage":"pl-PL","potentialAction":[{"@type":"ReadAction","target":["https:\/\/radziejewska.pl\/?page_id=2780"]}]},{"@type":"ImageObject","inLanguage":"pl-PL","@id":"https:\/\/radziejewska.pl\/?page_id=2780#primaryimage","url":"https:\/\/radziejewska.pl\/wp-content\/uploads\/2024\/10\/Tytul.png","contentUrl":"https:\/\/radziejewska.pl\/wp-content\/uploads\/2024\/10\/Tytul.png","width":1080,"height":1080},{"@type":"BreadcrumbList","@id":"https:\/\/radziejewska.pl\/?page_id=2780#breadcrumb","itemListElement":[{"@type":"ListItem","position":1,"name":"Home","item":"https:\/\/radziejewska.pl\/?e-landing-page=strona-glowna-2"},{"@type":"ListItem","position":2,"name":"Modelowanie po\u015bladk\u00f3w kwasem polimlekowym"}]},{"@type":"WebSite","@id":"https:\/\/radziejewska.pl\/#website","url":"https:\/\/radziejewska.pl\/","name":"Radziejewska.pl","description":"","publisher":{"@id":"https:\/\/radziejewska.pl\/#organization"},"potentialAction":[{"@type":"SearchAction","target":{"@type":"EntryPoint","urlTemplate":"https:\/\/radziejewska.pl\/?s={search_term_string}"},"query-input":"required name=search_term_string"}],"inLanguage":"pl-PL"},{"@type":"Organization","@id":"https:\/\/radziejewska.pl\/#organization","name":"Radziejewska.pl","url":"https:\/\/radziejewska.pl\/","logo":{"@type":"ImageObject","inLanguage":"pl-PL","@id":"https:\/\/radziejewska.pl\/#\/schema\/logo\/image\/","url":"https:\/\/radziejewska.pl\/wp-content\/uploads\/2024\/03\/saska-clinic.png","contentUrl":"https:\/\/radziejewska.pl\/wp-content\/uploads\/2024\/03\/saska-clinic.png","width":4098,"height":1085,"caption":"Radziejewska.pl"},"image":{"@id":"https:\/\/radziejewska.pl\/#\/schema\/logo\/image\/"}}]}},"jetpack_sharing_enabled":true,"_links":{"self":[{"href":"https:\/\/radziejewska.pl\/index.php?rest_route=\/wp\/v2\/pages\/2780","targetHints":{"allow":["GET"]}}],"collection":[{"href":"https:\/\/radziejewska.pl\/index.php?rest_route=\/wp\/v2\/pages"}],"about":[{"href":"https:\/\/radziejewska.pl\/index.php?rest_route=\/wp\/v2\/types\/page"}],"author":[{"embeddable":true,"href":"https:\/\/radziejewska.pl\/index.php?rest_route=\/wp\/v2\/users\/1"}],"replies":[{"embeddable":true,"href":"https:\/\/radziejewska.pl\/index.php?rest_route=%2Fwp%2Fv2%2Fcomments&post=2780"}],"version-history":[{"count":6,"href":"https:\/\/radziejewska.pl\/index.php?rest_route=\/wp\/v2\/pages\/2780\/revisions"}],"predecessor-version":[{"id":2788,"href":"https:\/\/radziejewska.pl\/index.php?rest_route=\/wp\/v2\/pages\/2780\/revisions\/2788"}],"wp:featuredmedia":[{"embeddable":true,"href":"https:\/\/radziejewska.pl\/index.php?rest_route=\/wp\/v2\/media\/2044"}],"wp:attachment":[{"href":"https:\/\/radziejewska.pl\/index.php?rest_route=%2Fwp%2Fv2%2Fmedia&parent=2780"}],"curies":[{"name":"wp","href":"https:\/\/api.w.org\/{rel}","templated":true}]}}