{"id":1842,"date":"2024-07-23T12:49:53","date_gmt":"2024-07-23T10:49:53","guid":{"rendered":"https:\/\/radziejewska.pl\/?page_id=1842"},"modified":"2026-04-03T10:20:29","modified_gmt":"2026-04-03T08:20:29","slug":"oferty-specjalne","status":"publish","type":"page","link":"https:\/\/radziejewska.pl\/?page_id=1842","title":{"rendered":"OFERTY SPECJALNE"},"content":{"rendered":"\t\t<div data-elementor-type=\"wp-post\" data-elementor-id=\"1842\" class=\"elementor elementor-1842\" data-elementor-post-type=\"page\">\n\t\t\t\t<div class=\"elementor-element elementor-element-193b897 e-flex e-con-boxed e-con e-parent\" data-id=\"193b897\" data-element_type=\"container\" data-core-v316-plus=\"true\">\n\t\t\t\t\t<div class=\"e-con-inner\">\n\t\t\t\t<div class=\"elementor-element elementor-element-22ad0a1 elementor-widget elementor-widget-heading\" data-id=\"22ad0a1\" data-element_type=\"widget\" data-widget_type=\"heading.default\">\n\t\t\t\t<div class=\"elementor-widget-container\">\n\t\t\t<style>\/*! elementor - v3.20.0 - 26-03-2024 *\/\n.elementor-heading-title{padding:0;margin:0;line-height:1}.elementor-widget-heading .elementor-heading-title[class*=elementor-size-]>a{color:inherit;font-size:inherit;line-height:inherit}.elementor-widget-heading .elementor-heading-title.elementor-size-small{font-size:15px}.elementor-widget-heading .elementor-heading-title.elementor-size-medium{font-size:19px}.elementor-widget-heading .elementor-heading-title.elementor-size-large{font-size:29px}.elementor-widget-heading .elementor-heading-title.elementor-size-xl{font-size:39px}.elementor-widget-heading .elementor-heading-title.elementor-size-xxl{font-size:59px}<\/style><h2 class=\"elementor-heading-title elementor-size-default\">\n\nKWIETNIOWE OFERTY SPECJALNE<\/h2>\t\t<\/div>\n\t\t\t\t<\/div>\n\t\t\t\t\t<\/div>\n\t\t\t\t<\/div>\n\t\t<div class=\"elementor-element elementor-element-8eacb91 e-con-full e-flex e-con e-parent\" data-id=\"8eacb91\" data-element_type=\"container\" data-core-v316-plus=\"true\">\n\t\t\t\t<div class=\"elementor-element elementor-element-3ab58ed elementor-widget elementor-widget-heading\" data-id=\"3ab58ed\" data-element_type=\"widget\" data-widget_type=\"heading.default\">\n\t\t\t\t<div class=\"elementor-widget-container\">\n\t\t\t<h2 class=\"elementor-heading-title elementor-size-default\"><br><br><span style=\"white-space: normal; caret-color: rgb(0, 0, 0); color: rgb(0, 0, 0); font-size: medium;\">Kwietniowa oferta zabieg\u00f3w medycyny estetycznej i kosmetologii obejmuje terapie laserowe, liftinguj\u0105ce&nbsp;<\/span><div><span style=\"white-space: normal; caret-color: rgb(0, 0, 0); color: rgb(0, 0, 0); font-size: medium;\">i regeneracyjne, wspieraj\u0105ce popraw\u0119 jako\u015bci sk\u00f3ry, owalu twarzy oraz redukcj\u0119 oznak starzenia.<\/span><br><\/div><\/h2>\t\t<\/div>\n\t\t\t\t<\/div>\n\t\t\t\t<\/div>\n\t\t<div class=\"elementor-element elementor-element-bd43254 e-grid e-con-boxed e-con e-parent\" data-id=\"bd43254\" data-element_type=\"container\" data-core-v316-plus=\"true\">\n\t\t\t\t\t<div class=\"e-con-inner\">\n\t\t\t\t<div class=\"elementor-element elementor-element-d40571c elementor-widget elementor-widget-heading\" data-id=\"d40571c\" data-element_type=\"widget\" data-widget_type=\"heading.default\">\n\t\t\t\t<div class=\"elementor-widget-container\">\n\t\t\t<h2 class=\"elementor-heading-title elementor-size-default\"><br>ZABIEGI LASEROWE<\/h2>\t\t<\/div>\n\t\t\t\t<\/div>\n\t\t\t\t\t<\/div>\n\t\t\t\t<\/div>\n\t\t<div class=\"elementor-element elementor-element-710c7af e-grid e-con-full e-con e-parent\" data-id=\"710c7af\" data-element_type=\"container\" data-core-v316-plus=\"true\">\n\t\t\t\t<div class=\"elementor-element elementor-element-8217ac9 elementor-widget elementor-widget-heading\" data-id=\"8217ac9\" data-element_type=\"widget\" data-widget_type=\"heading.default\">\n\t\t\t\t<div class=\"elementor-widget-container\">\n\t\t\t<h2 class=\"elementor-heading-title elementor-size-default\">LASER FRAKCYJNY- wszystkie zabiegi taniej o 20% (nie dotyczy usuwania znamion i dermatologicznego opracowania rozst\u0119p\u00f3w i blizn)<\/h2>\t\t<\/div>\n\t\t\t\t<\/div>\n\t\t\t\t<div class=\"elementor-element elementor-element-a554d7c elementor-widget elementor-widget-heading\" data-id=\"a554d7c\" data-element_type=\"widget\" data-widget_type=\"heading.default\">\n\t\t\t\t<div class=\"elementor-widget-container\">\n\t\t\t<h2 class=\"elementor-heading-title elementor-size-default\"><br>LASER TULOWY- laserowe odm\u0142adzanie ust w prezencie<\/h2>\t\t<\/div>\n\t\t\t\t<\/div>\n\t\t\t\t<div class=\"elementor-element elementor-element-5e8f148 elementor-widget elementor-widget-heading\" data-id=\"5e8f148\" data-element_type=\"widget\" data-widget_type=\"heading.default\">\n\t\t\t\t<div class=\"elementor-widget-container\">\n\t\t\t<h2 class=\"elementor-heading-title elementor-size-default\">LASER LIGHT SCAN- drugi, ta\u0144szy obszar w prezencie <\/h2>\t\t<\/div>\n\t\t\t\t<\/div>\n\t\t\t\t<\/div>\n\t\t<div class=\"elementor-element elementor-element-2057054 e-grid e-con-boxed e-con e-parent\" data-id=\"2057054\" data-element_type=\"container\" data-core-v316-plus=\"true\">\n\t\t\t\t\t<div class=\"e-con-inner\">\n\t\t\t\t<div class=\"elementor-element elementor-element-c18e662 elementor-widget elementor-widget-heading\" data-id=\"c18e662\" data-element_type=\"widget\" data-widget_type=\"heading.default\">\n\t\t\t\t<div class=\"elementor-widget-container\">\n\t\t\t<h2 class=\"elementor-heading-title elementor-size-default\"><br>PROCEDURY \u0141\u0104CZONE<\/h2>\t\t<\/div>\n\t\t\t\t<\/div>\n\t\t\t\t\t<\/div>\n\t\t\t\t<\/div>\n\t\t<div class=\"elementor-element elementor-element-3454d27 e-grid e-con-full e-con e-parent\" data-id=\"3454d27\" data-element_type=\"container\" data-core-v316-plus=\"true\">\n\t\t\t\t<div class=\"elementor-element elementor-element-a8fef95 elementor-widget elementor-widget-heading\" data-id=\"a8fef95\" data-element_type=\"widget\" data-widget_type=\"heading.default\">\n\t\t\t\t<div class=\"elementor-widget-container\">\n\t\t\t<h2 class=\"elementor-heading-title elementor-size-default\">RADIOFREKWENCJA MIKROIG\u0141OWA M*8- mezoterapia osoczem do zabiegu w prezencie<\/h2>\t\t<\/div>\n\t\t\t\t<\/div>\n\t\t\t\t<div class=\"elementor-element elementor-element-23b7f5c elementor-widget elementor-widget-heading\" data-id=\"23b7f5c\" data-element_type=\"widget\" data-widget_type=\"heading.default\">\n\t\t\t\t<div class=\"elementor-widget-container\">\n\t\t\t<h2 class=\"elementor-heading-title elementor-size-default\">RADIOFREKWENCJA MIKROIG\u0141OWA M*8 + LASER FRAKCYJNY- radiofrekwencja (owal, podbr\u00f3dek, szyja), laser frakcyjny (twarz)- 2700 z\u0142<\/h2>\t\t<\/div>\n\t\t\t\t<\/div>\n\t\t\t\t<div class=\"elementor-element elementor-element-eea9fae elementor-widget elementor-widget-heading\" data-id=\"eea9fae\" data-element_type=\"widget\" data-widget_type=\"heading.default\">\n\t\t\t\t<div class=\"elementor-widget-container\">\n\t\t\t<h2 class=\"elementor-heading-title elementor-size-default\">RADIOFREKWENCJA MIKROIG\u0141OWA M*8+ LASER TULOWY- radiofrekwencja (owal, podbr\u00f3dek, szyja), laser tulowy (twarz)- 2400z\u0142 <\/h2>\t\t<\/div>\n\t\t\t\t<\/div>\n\t\t\t\t<\/div>\n\t\t<div class=\"elementor-element elementor-element-9712b85 e-grid e-con-boxed e-con e-parent\" data-id=\"9712b85\" data-element_type=\"container\" data-core-v316-plus=\"true\">\n\t\t\t\t\t<div class=\"e-con-inner\">\n\t\t\t\t<div class=\"elementor-element elementor-element-7dc690b elementor-widget elementor-widget-heading\" data-id=\"7dc690b\" data-element_type=\"widget\" data-widget_type=\"heading.default\">\n\t\t\t\t<div class=\"elementor-widget-container\">\n\t\t\t<h2 class=\"elementor-heading-title elementor-size-default\"><br>ZABIEGI NA CIA\u0141O<\/h2>\t\t<\/div>\n\t\t\t\t<\/div>\n\t\t\t\t\t<\/div>\n\t\t\t\t<\/div>\n\t\t<div class=\"elementor-element elementor-element-5daef53 e-grid e-con-full e-con e-parent\" data-id=\"5daef53\" data-element_type=\"container\" data-core-v316-plus=\"true\">\n\t\t\t\t<div class=\"elementor-element elementor-element-3a4ba2a elementor-widget elementor-widget-heading\" data-id=\"3a4ba2a\" data-element_type=\"widget\" data-widget_type=\"heading.default\">\n\t\t\t\t<div class=\"elementor-widget-container\">\n\t\t\t<h2 class=\"elementor-heading-title elementor-size-default\">FALA UDERZENIOWA- pakiet trzech zabieg\u00f3w ta\u0144szy o 20%<\/h2>\t\t<\/div>\n\t\t\t\t<\/div>\n\t\t\t\t<div class=\"elementor-element elementor-element-335b0f8 elementor-widget elementor-widget-heading\" data-id=\"335b0f8\" data-element_type=\"widget\" data-widget_type=\"heading.default\">\n\t\t\t\t<div class=\"elementor-widget-container\">\n\t\t\t<h2 class=\"elementor-heading-title elementor-size-default\">KARBOKSYTERAPIA- pakiet trzech zabieg\u00f3w ta\u0144szy o 20%<\/h2>\t\t<\/div>\n\t\t\t\t<\/div>\n\t\t\t\t<div class=\"elementor-element elementor-element-8ef02e8 elementor-widget elementor-widget-heading\" data-id=\"8ef02e8\" data-element_type=\"widget\" data-widget_type=\"heading.default\">\n\t\t\t\t<div class=\"elementor-widget-container\">\n\t\t\t<h2 class=\"elementor-heading-title elementor-size-default\">KRIOLIPOLIZA- fala uderzeniowa po zabiegu w prezencie<\/h2>\t\t<\/div>\n\t\t\t\t<\/div>\n\t\t\t\t<\/div>\n\t\t<div class=\"elementor-element elementor-element-143ae11 e-grid e-con-boxed e-con e-parent\" data-id=\"143ae11\" data-element_type=\"container\" data-core-v316-plus=\"true\">\n\t\t\t\t\t<div class=\"e-con-inner\">\n\t\t\t\t<div class=\"elementor-element elementor-element-6c77228 elementor-widget elementor-widget-heading\" data-id=\"6c77228\" data-element_type=\"widget\" data-widget_type=\"heading.default\">\n\t\t\t\t<div class=\"elementor-widget-container\">\n\t\t\t<h2 class=\"elementor-heading-title elementor-size-default\">\nZABIEGI REGENERACYJNE<\/h2>\t\t<\/div>\n\t\t\t\t<\/div>\n\t\t\t\t\t<\/div>\n\t\t\t\t<\/div>\n\t\t<div class=\"elementor-element elementor-element-067bdb9 e-grid e-con-full e-con e-parent\" data-id=\"067bdb9\" data-element_type=\"container\" data-core-v316-plus=\"true\">\n\t\t\t\t<div class=\"elementor-element elementor-element-a3448fc elementor-widget elementor-widget-heading\" data-id=\"a3448fc\" data-element_type=\"widget\" data-widget_type=\"heading.default\">\n\t\t\t\t<div class=\"elementor-widget-container\">\n\t\t\t<h2 class=\"elementor-heading-title elementor-size-default\">\u015aWIAT\u0141O SZEROKOPASMOWE- trzy pocedury w cenie dw\u00f3ch<\/h2>\t\t<\/div>\n\t\t\t\t<\/div>\n\t\t\t\t<div class=\"elementor-element elementor-element-b628930 elementor-widget elementor-widget-heading\" data-id=\"b628930\" data-element_type=\"widget\" data-widget_type=\"heading.default\">\n\t\t\t\t<div class=\"elementor-widget-container\">\n\t\t\t<h2 class=\"elementor-heading-title elementor-size-default\">MEZOTERAPIA OSOCZEM BOGATOP\u0141YTKOWYM- zabieg na twarz i szyj\u0119 w cenie zabiegu na twarz<\/h2>\t\t<\/div>\n\t\t\t\t<\/div>\n\t\t\t\t<div class=\"elementor-element elementor-element-c069c83 elementor-widget elementor-widget-heading\" data-id=\"c069c83\" data-element_type=\"widget\" data-widget_type=\"heading.default\">\n\t\t\t\t<div class=\"elementor-widget-container\">\n\t\t\t<h2 class=\"elementor-heading-title elementor-size-default\"><span style=\"white-space: normal; caret-color: rgb(0, 0, 0); color: rgb(0, 0, 0); font-size: medium;\">Ostateczna kwalifikacja do zabiegu odbywa si\u0119 podczas konsultacji.<\/span><br data-start=\"1522\" data-end=\"1525\" style=\"white-space: normal; caret-color: rgb(0, 0, 0); color: rgb(0, 0, 0);\"><span style=\"white-space: normal; caret-color: rgb(0, 0, 0); color: rgb(0, 0, 0); font-size: medium;\">Promocje nie \u0142\u0105cz\u0105 si\u0119.<\/span><br data-start=\"1548\" data-end=\"1551\" style=\"white-space: normal; caret-color: rgb(0, 0, 0); color: rgb(0, 0, 0);\"><span style=\"white-space: normal; caret-color: rgb(0, 0, 0); color: rgb(0, 0, 0); font-size: medium;\">Oferta obowi\u0105zuje do 01.05.2026.<\/span><br><\/h2>\t\t<\/div>\n\t\t\t\t<\/div>\n\t\t\t\t<\/div>\n\t\t\t\t<\/div>\n\t\t","protected":false},"excerpt":{"rendered":"<p>KWIETNIOWE OFERTY SPECJALNE Kwietniowa oferta zabieg\u00f3w medycyny estetycznej i kosmetologii obejmuje terapie laserowe, liftinguj\u0105ce&nbsp;i regeneracyjne, wspieraj\u0105ce popraw\u0119 jako\u015bci sk\u00f3ry, owalu twarzy oraz redukcj\u0119 oznak starzenia. ZABIEGI LASEROWE LASER FRAKCYJNY- wszystkie zabiegi taniej o 20% (nie dotyczy usuwania znamion i dermatologicznego opracowania rozst\u0119p\u00f3w i blizn) LASER TULOWY- laserowe odm\u0142adzanie ust w prezencie LASER LIGHT SCAN- drugi, [&hellip;]<\/p>\n","protected":false},"author":1,"featured_media":165,"parent":0,"menu_order":0,"comment_status":"closed","ping_status":"closed","template":"elementor_header_footer","meta":{"_monsterinsights_skip_tracking":false,"_monsterinsights_sitenote_active":false,"_monsterinsights_sitenote_note":"","_monsterinsights_sitenote_category":0,"footnotes":""},"class_list":["post-1842","page","type-page","status-publish","has-post-thumbnail","hentry"],"yoast_head":"<!-- This site is optimized with the Yoast SEO plugin v22.3 - https:\/\/yoast.com\/wordpress\/plugins\/seo\/ -->\n<title>OFERTY SPECJALNE - Radziejewska.pl<\/title>\n<meta name=\"description\" content=\"Saska Clinic Dr Radziejewska to nowoczesna plac\u00f3wka medyczna - klinika medycyny estetycznej, flebologii i dermatologii.\" \/>\n<meta name=\"robots\" content=\"index, follow, max-snippet:-1, max-image-preview:large, max-video-preview:-1\" \/>\n<link rel=\"canonical\" href=\"https:\/\/radziejewska.pl\/?page_id=1842\" \/>\n<meta property=\"og:locale\" content=\"pl_PL\" \/>\n<meta property=\"og:type\" content=\"article\" \/>\n<meta property=\"og:title\" content=\"OFERTY SPECJALNE - Radziejewska.pl\" \/>\n<meta property=\"og:description\" content=\"Saska Clinic Dr Radziejewska to nowoczesna plac\u00f3wka medyczna - klinika medycyny estetycznej, flebologii i dermatologii.\" \/>\n<meta property=\"og:url\" content=\"https:\/\/radziejewska.pl\/?page_id=1842\" \/>\n<meta property=\"og:site_name\" content=\"Radziejewska.pl\" \/>\n<meta property=\"article:modified_time\" content=\"2026-04-03T08:20:29+00:00\" \/>\n<meta property=\"og:image\" content=\"https:\/\/radziejewska.pl\/wp-content\/uploads\/2024\/03\/Tytul.png\" \/>\n\t<meta property=\"og:image:width\" content=\"1080\" \/>\n\t<meta property=\"og:image:height\" content=\"1080\" \/>\n\t<meta property=\"og:image:type\" content=\"image\/png\" \/>\n<meta name=\"twitter:card\" content=\"summary_large_image\" \/>\n<meta name=\"twitter:label1\" content=\"Szacowany czas czytania\" \/>\n\t<meta name=\"twitter:data1\" content=\"1 minuta\" \/>\n<script type=\"application\/ld+json\" class=\"yoast-schema-graph\">{\"@context\":\"https:\/\/schema.org\",\"@graph\":[{\"@type\":\"WebPage\",\"@id\":\"https:\/\/radziejewska.pl\/?page_id=1842\",\"url\":\"https:\/\/radziejewska.pl\/?page_id=1842\",\"name\":\"OFERTY SPECJALNE - Radziejewska.pl\",\"isPartOf\":{\"@id\":\"https:\/\/radziejewska.pl\/#website\"},\"primaryImageOfPage\":{\"@id\":\"https:\/\/radziejewska.pl\/?page_id=1842#primaryimage\"},\"image\":{\"@id\":\"https:\/\/radziejewska.pl\/?page_id=1842#primaryimage\"},\"thumbnailUrl\":\"https:\/\/radziejewska.pl\/wp-content\/uploads\/2024\/03\/Tytul.png\",\"datePublished\":\"2024-07-23T10:49:53+00:00\",\"dateModified\":\"2026-04-03T08:20:29+00:00\",\"description\":\"Saska Clinic Dr Radziejewska to nowoczesna plac\u00f3wka medyczna - klinika medycyny estetycznej, flebologii i dermatologii.\",\"breadcrumb\":{\"@id\":\"https:\/\/radziejewska.pl\/?page_id=1842#breadcrumb\"},\"inLanguage\":\"pl-PL\",\"potentialAction\":[{\"@type\":\"ReadAction\",\"target\":[\"https:\/\/radziejewska.pl\/?page_id=1842\"]}]},{\"@type\":\"ImageObject\",\"inLanguage\":\"pl-PL\",\"@id\":\"https:\/\/radziejewska.pl\/?page_id=1842#primaryimage\",\"url\":\"https:\/\/radziejewska.pl\/wp-content\/uploads\/2024\/03\/Tytul.png\",\"contentUrl\":\"https:\/\/radziejewska.pl\/wp-content\/uploads\/2024\/03\/Tytul.png\",\"width\":1080,\"height\":1080},{\"@type\":\"BreadcrumbList\",\"@id\":\"https:\/\/radziejewska.pl\/?page_id=1842#breadcrumb\",\"itemListElement\":[{\"@type\":\"ListItem\",\"position\":1,\"name\":\"Home\",\"item\":\"https:\/\/radziejewska.pl\/?e-landing-page=strona-glowna-2\"},{\"@type\":\"ListItem\",\"position\":2,\"name\":\"OFERTY SPECJALNE\"}]},{\"@type\":\"WebSite\",\"@id\":\"https:\/\/radziejewska.pl\/#website\",\"url\":\"https:\/\/radziejewska.pl\/\",\"name\":\"Radziejewska.pl\",\"description\":\"\",\"publisher\":{\"@id\":\"https:\/\/radziejewska.pl\/#organization\"},\"potentialAction\":[{\"@type\":\"SearchAction\",\"target\":{\"@type\":\"EntryPoint\",\"urlTemplate\":\"https:\/\/radziejewska.pl\/?s={search_term_string}\"},\"query-input\":\"required name=search_term_string\"}],\"inLanguage\":\"pl-PL\"},{\"@type\":\"Organization\",\"@id\":\"https:\/\/radziejewska.pl\/#organization\",\"name\":\"Radziejewska.pl\",\"url\":\"https:\/\/radziejewska.pl\/\",\"logo\":{\"@type\":\"ImageObject\",\"inLanguage\":\"pl-PL\",\"@id\":\"https:\/\/radziejewska.pl\/#\/schema\/logo\/image\/\",\"url\":\"https:\/\/radziejewska.pl\/wp-content\/uploads\/2024\/03\/saska-clinic.png\",\"contentUrl\":\"https:\/\/radziejewska.pl\/wp-content\/uploads\/2024\/03\/saska-clinic.png\",\"width\":4098,\"height\":1085,\"caption\":\"Radziejewska.pl\"},\"image\":{\"@id\":\"https:\/\/radziejewska.pl\/#\/schema\/logo\/image\/\"}}]}<\/script>\n<!-- \/ Yoast SEO plugin. -->","yoast_head_json":{"title":"OFERTY SPECJALNE - Radziejewska.pl","description":"Saska Clinic Dr Radziejewska to nowoczesna plac\u00f3wka medyczna - klinika medycyny estetycznej, flebologii i dermatologii.","robots":{"index":"index","follow":"follow","max-snippet":"max-snippet:-1","max-image-preview":"max-image-preview:large","max-video-preview":"max-video-preview:-1"},"canonical":"https:\/\/radziejewska.pl\/?page_id=1842","og_locale":"pl_PL","og_type":"article","og_title":"OFERTY SPECJALNE - Radziejewska.pl","og_description":"Saska Clinic Dr Radziejewska to nowoczesna plac\u00f3wka medyczna - klinika medycyny estetycznej, flebologii i dermatologii.","og_url":"https:\/\/radziejewska.pl\/?page_id=1842","og_site_name":"Radziejewska.pl","article_modified_time":"2026-04-03T08:20:29+00:00","og_image":[{"width":1080,"height":1080,"url":"https:\/\/radziejewska.pl\/wp-content\/uploads\/2024\/03\/Tytul.png","type":"image\/png"}],"twitter_card":"summary_large_image","twitter_misc":{"Szacowany czas czytania":"1 minuta"},"schema":{"@context":"https:\/\/schema.org","@graph":[{"@type":"WebPage","@id":"https:\/\/radziejewska.pl\/?page_id=1842","url":"https:\/\/radziejewska.pl\/?page_id=1842","name":"OFERTY SPECJALNE - Radziejewska.pl","isPartOf":{"@id":"https:\/\/radziejewska.pl\/#website"},"primaryImageOfPage":{"@id":"https:\/\/radziejewska.pl\/?page_id=1842#primaryimage"},"image":{"@id":"https:\/\/radziejewska.pl\/?page_id=1842#primaryimage"},"thumbnailUrl":"https:\/\/radziejewska.pl\/wp-content\/uploads\/2024\/03\/Tytul.png","datePublished":"2024-07-23T10:49:53+00:00","dateModified":"2026-04-03T08:20:29+00:00","description":"Saska Clinic Dr Radziejewska to nowoczesna plac\u00f3wka medyczna - klinika medycyny estetycznej, flebologii i dermatologii.","breadcrumb":{"@id":"https:\/\/radziejewska.pl\/?page_id=1842#breadcrumb"},"inLanguage":"pl-PL","potentialAction":[{"@type":"ReadAction","target":["https:\/\/radziejewska.pl\/?page_id=1842"]}]},{"@type":"ImageObject","inLanguage":"pl-PL","@id":"https:\/\/radziejewska.pl\/?page_id=1842#primaryimage","url":"https:\/\/radziejewska.pl\/wp-content\/uploads\/2024\/03\/Tytul.png","contentUrl":"https:\/\/radziejewska.pl\/wp-content\/uploads\/2024\/03\/Tytul.png","width":1080,"height":1080},{"@type":"BreadcrumbList","@id":"https:\/\/radziejewska.pl\/?page_id=1842#breadcrumb","itemListElement":[{"@type":"ListItem","position":1,"name":"Home","item":"https:\/\/radziejewska.pl\/?e-landing-page=strona-glowna-2"},{"@type":"ListItem","position":2,"name":"OFERTY SPECJALNE"}]},{"@type":"WebSite","@id":"https:\/\/radziejewska.pl\/#website","url":"https:\/\/radziejewska.pl\/","name":"Radziejewska.pl","description":"","publisher":{"@id":"https:\/\/radziejewska.pl\/#organization"},"potentialAction":[{"@type":"SearchAction","target":{"@type":"EntryPoint","urlTemplate":"https:\/\/radziejewska.pl\/?s={search_term_string}"},"query-input":"required name=search_term_string"}],"inLanguage":"pl-PL"},{"@type":"Organization","@id":"https:\/\/radziejewska.pl\/#organization","name":"Radziejewska.pl","url":"https:\/\/radziejewska.pl\/","logo":{"@type":"ImageObject","inLanguage":"pl-PL","@id":"https:\/\/radziejewska.pl\/#\/schema\/logo\/image\/","url":"https:\/\/radziejewska.pl\/wp-content\/uploads\/2024\/03\/saska-clinic.png","contentUrl":"https:\/\/radziejewska.pl\/wp-content\/uploads\/2024\/03\/saska-clinic.png","width":4098,"height":1085,"caption":"Radziejewska.pl"},"image":{"@id":"https:\/\/radziejewska.pl\/#\/schema\/logo\/image\/"}}]}},"jetpack_sharing_enabled":true,"_links":{"self":[{"href":"https:\/\/radziejewska.pl\/index.php?rest_route=\/wp\/v2\/pages\/1842","targetHints":{"allow":["GET"]}}],"collection":[{"href":"https:\/\/radziejewska.pl\/index.php?rest_route=\/wp\/v2\/pages"}],"about":[{"href":"https:\/\/radziejewska.pl\/index.php?rest_route=\/wp\/v2\/types\/page"}],"author":[{"embeddable":true,"href":"https:\/\/radziejewska.pl\/index.php?rest_route=\/wp\/v2\/users\/1"}],"replies":[{"embeddable":true,"href":"https:\/\/radziejewska.pl\/index.php?rest_route=%2Fwp%2Fv2%2Fcomments&post=1842"}],"version-history":[{"count":79,"href":"https:\/\/radziejewska.pl\/index.php?rest_route=\/wp\/v2\/pages\/1842\/revisions"}],"predecessor-version":[{"id":2995,"href":"https:\/\/radziejewska.pl\/index.php?rest_route=\/wp\/v2\/pages\/1842\/revisions\/2995"}],"wp:featuredmedia":[{"embeddable":true,"href":"https:\/\/radziejewska.pl\/index.php?rest_route=\/wp\/v2\/media\/165"}],"wp:attachment":[{"href":"https:\/\/radziejewska.pl\/index.php?rest_route=%2Fwp%2Fv2%2Fmedia&parent=1842"}],"curies":[{"name":"wp","href":"https:\/\/api.w.org\/{rel}","templated":true}]}}